{"id":22,"date":"2018-05-15T13:19:27","date_gmt":"2018-05-15T13:19:27","guid":{"rendered":"http:\/\/angelsounds.hu\/wordpress\/?page_id=22"},"modified":"2018-05-25T18:20:07","modified_gmt":"2018-05-25T18:20:07","slug":"referenciak","status":"publish","type":"page","link":"https:\/\/angelsounds.hu\/index.php\/referenciak\/","title":{"rendered":"referenci\u00e1k"},"content":{"rendered":"<div id=\"pl-22\"  class=\"panel-layout\" ><div id=\"pg-22-0\"  class=\"panel-grid panel-has-style\" ><div class=\"siteorigin-panels-stretch panel-row-style panel-row-style-for-22-0\" data-stretch-type=\"full-stretched\" ><div id=\"pgc-22-0-0\"  class=\"panel-grid-cell\" ><div id=\"panel-22-0-0-0\" class=\"so-panel widget widget_text panel-first-child panel-last-child\" data-index=\"0\" ><div class=\"panel-widget-style panel-widget-style-for-22-0-0-0\" >\t\t\t<div class=\"textwidget\"><p class=\"p1\"><span class=\"s1\"><a href=\"http:\/\/www.angelsounds.hu\/ref\/Angelsounds_Ref_%201.pdf\" target=\"_blank\" rel=\"noopener\">Debreceni Egyetem Orvos- \u00e9s Eg\u00e9szs\u00e9gtudom\u00e1nyi Centrum\u00a0Sz\u00fcl\u00e9szeti \u00e9s N\u0151gy\u00f3gy\u00e1szati Klinika<\/a><\/span><span class=\"s2\"> (pdf.)<\/span><\/p>\n<p class=\"p1\"><span class=\"s1\"><a href=\"http:\/\/www.angelsounds.hu\/ref\/kutvolgyi_korhaz_ajanlas.pdf\" target=\"_blank\" rel=\"noopener\">K\u00fatv\u00f6lgyi K\u00f3rh\u00e1z aj\u00e1nl\u00e1s<\/a><\/span><span class=\"s2\"> (pdf.)<\/span><\/p>\n<p class=\"p1\"><span class=\"s1\"><a href=\"http:\/\/www.angelsounds.hu\/ref\/SZOTE_ajanlas.pdf\" target=\"_blank\" rel=\"noopener\">SZOTE Aj\u00e1nl\u00e1s<\/a><\/span><span class=\"s2\"> (pdf.)<\/span><\/p>\n<p class=\"p1\"><span class=\"s1\"><a href=\"http:\/\/www.angelsounds.hu\/ref\/Szt_Janos_Korhaz_ajanlas.pdf\" target=\"_blank\" rel=\"noopener\">Szt J\u00e1nos K\u00f3rh\u00e1z aj\u00e1nl\u00e1s<\/a><\/span><span class=\"s2\"> (pdf.)<\/span><\/p>\n<p class=\"p1\"><span class=\"s1\"><a href=\"http:\/\/www.angelsounds.hu\/ref\/Szent_Imre_Korhaz_ajanlas.pdf\" target=\"_blank\" rel=\"noopener\">Szent Imre K\u00f3rh\u00e1z aj\u00e1nl\u00e1s<\/a><\/span><span class=\"s2\"> (pdf.)<\/span><\/p>\n<p class=\"p1\"><span class=\"s1\"><a href=\"http:\/\/angelsounds.hu\/Angelsounds_Jahn_F.JPG\"><b>Jahn Ferenc K\u00f3rh\u00e1z aj\u00e1nl\u00e1s<\/b><\/a><\/span><\/p>\n<p class=\"p1\"><span class=\"s1\"><a href=\"http:\/\/angelsounds.hu\/Angelsounds_SoteII.JPG\"><b>Semmelweis Egyetem<\/b><\/a><\/span><\/p>\n<\/div>\n\t\t<\/div><\/div><\/div><div id=\"pgc-22-0-1\"  class=\"panel-grid-cell\" ><div id=\"panel-22-0-1-0\" class=\"so-panel widget widget_media_image panel-first-child panel-last-child\" data-index=\"1\" ><img width=\"645\" height=\"594\" src=\"https:\/\/angelsounds.hu\/wp-content\/uploads\/2018\/05\/2szivh.png\" class=\"image wp-image-351  attachment-full size-full\" alt=\"\" loading=\"lazy\" style=\"max-width: 100%; height: auto;\" srcset=\"https:\/\/angelsounds.hu\/wp-content\/uploads\/2018\/05\/2szivh.png 645w, https:\/\/angelsounds.hu\/wp-content\/uploads\/2018\/05\/2szivh-300x276.png 300w\" sizes=\"(max-width: 645px) 100vw, 645px\" \/><\/div><\/div><\/div><\/div><\/div>","protected":false},"excerpt":{"rendered":"<p>Debreceni Egyetem Orvos- \u00e9s Eg\u00e9szs\u00e9gtudom\u00e1nyi Centrum\u00a0Sz\u00fcl\u00e9szeti \u00e9s N\u0151gy\u00f3gy\u00e1szati Klinika (pdf.) K\u00fatv\u00f6lgyi K\u00f3rh\u00e1z aj\u00e1nl\u00e1s (pdf.) SZOTE Aj\u00e1nl\u00e1s (pdf.) Szt J\u00e1nos K\u00f3rh\u00e1z aj\u00e1nl\u00e1s (pdf.) Szent Imre K\u00f3rh\u00e1z aj\u00e1nl\u00e1s (pdf.) Jahn Ferenc K\u00f3rh\u00e1z aj\u00e1nl\u00e1s Semmelweis Egyetem<\/p>\n","protected":false},"author":1,"featured_media":341,"parent":0,"menu_order":0,"comment_status":"closed","ping_status":"closed","template":"","meta":[],"_links":{"self":[{"href":"https:\/\/angelsounds.hu\/index.php\/wp-json\/wp\/v2\/pages\/22"}],"collection":[{"href":"https:\/\/angelsounds.hu\/index.php\/wp-json\/wp\/v2\/pages"}],"about":[{"href":"https:\/\/angelsounds.hu\/index.php\/wp-json\/wp\/v2\/types\/page"}],"author":[{"embeddable":true,"href":"https:\/\/angelsounds.hu\/index.php\/wp-json\/wp\/v2\/users\/1"}],"replies":[{"embeddable":true,"href":"https:\/\/angelsounds.hu\/index.php\/wp-json\/wp\/v2\/comments?post=22"}],"version-history":[{"count":63,"href":"https:\/\/angelsounds.hu\/index.php\/wp-json\/wp\/v2\/pages\/22\/revisions"}],"predecessor-version":[{"id":373,"href":"https:\/\/angelsounds.hu\/index.php\/wp-json\/wp\/v2\/pages\/22\/revisions\/373"}],"wp:featuredmedia":[{"embeddable":true,"href":"https:\/\/angelsounds.hu\/index.php\/wp-json\/wp\/v2\/media\/341"}],"wp:attachment":[{"href":"https:\/\/angelsounds.hu\/index.php\/wp-json\/wp\/v2\/media?parent=22"}],"curies":[{"name":"wp","href":"https:\/\/api.w.org\/{rel}","templated":true}]}}