{"id":741,"date":"2019-08-09T08:36:36","date_gmt":"2019-08-09T08:36:36","guid":{"rendered":"http:\/\/angelsounds.hu\/?page_id=741"},"modified":"2019-08-09T08:50:15","modified_gmt":"2019-08-09T08:50:15","slug":"kapcsolat","status":"publish","type":"page","link":"https:\/\/angelsounds.hu\/index.php\/kapcsolat\/","title":{"rendered":"kapcsolat"},"content":{"rendered":"<div id=\"pl-741\"  class=\"panel-layout\" ><div id=\"pg-741-0\"  class=\"panel-grid panel-no-style\" ><div id=\"pgc-741-0-0\"  class=\"panel-grid-cell\" ><div id=\"panel-741-0-0-0\" class=\"so-panel widget widget_text panel-first-child panel-last-child\" data-index=\"0\" >\t\t\t<div class=\"textwidget\"><p class=\"p1\">A term\u00e9kkel \u00e9s a forgalmaz\u00e1ssal kapcsolatban v\u00e1rjuk sz\u00edves k\u00e9rd\u00e9seiket \u00e9s \u00e9szrev\u00e9teleiket.<\/p>\n<p class=\"p1\">Angelstore Kft. az ANGELSOUNDS\u00ae term\u00e9kek magyarorsz\u00e1gi forgalmaz\u00f3ja.<\/p>\n<p class=\"p1\">9027 Gy\u0151r, Pusk\u00e1s T. u 4.<\/p>\n<p class=\"p1\">ad\u00f3sz\u00e1m: 23400078-2-08<\/p>\n<p class=\"p3\"><span class=\"s1\"><a href=\"mailto:info@angelsounds.hu\"><b>info@angelsounds.hu<\/b><\/a><\/span><\/p>\n<\/div>\n\t\t<\/div><\/div><\/div><\/div>","protected":false},"excerpt":{"rendered":"<p>A term\u00e9kkel \u00e9s a forgalmaz\u00e1ssal kapcsolatban v\u00e1rjuk sz\u00edves k\u00e9rd\u00e9seiket \u00e9s \u00e9szrev\u00e9teleiket. Angelstore Kft. az ANGELSOUNDS\u00ae term\u00e9kek magyarorsz\u00e1gi forgalmaz\u00f3ja. 9027 Gy\u0151r, Pusk\u00e1s T. u 4. ad\u00f3sz\u00e1m: 23400078-2-08 info@angelsounds.hu<\/p>\n","protected":false},"author":1,"featured_media":0,"parent":0,"menu_order":0,"comment_status":"closed","ping_status":"closed","template":"","meta":[],"_links":{"self":[{"href":"https:\/\/angelsounds.hu\/index.php\/wp-json\/wp\/v2\/pages\/741"}],"collection":[{"href":"https:\/\/angelsounds.hu\/index.php\/wp-json\/wp\/v2\/pages"}],"about":[{"href":"https:\/\/angelsounds.hu\/index.php\/wp-json\/wp\/v2\/types\/page"}],"author":[{"embeddable":true,"href":"https:\/\/angelsounds.hu\/index.php\/wp-json\/wp\/v2\/users\/1"}],"replies":[{"embeddable":true,"href":"https:\/\/angelsounds.hu\/index.php\/wp-json\/wp\/v2\/comments?post=741"}],"version-history":[{"count":7,"href":"https:\/\/angelsounds.hu\/index.php\/wp-json\/wp\/v2\/pages\/741\/revisions"}],"predecessor-version":[{"id":749,"href":"https:\/\/angelsounds.hu\/index.php\/wp-json\/wp\/v2\/pages\/741\/revisions\/749"}],"wp:attachment":[{"href":"https:\/\/angelsounds.hu\/index.php\/wp-json\/wp\/v2\/media?parent=741"}],"curies":[{"name":"wp","href":"https:\/\/api.w.org\/{rel}","templated":true}]}}