{"id":84,"date":"2018-05-17T16:46:21","date_gmt":"2018-05-17T16:46:21","guid":{"rendered":"http:\/\/angelsounds.hu\/wordpress\/?page_id=84"},"modified":"2022-07-26T19:51:22","modified_gmt":"2022-07-26T19:51:22","slug":"jdp","status":"publish","type":"page","link":"https:\/\/angelsounds.hu\/","title":{"rendered":"sz\u00edvhanghallgat\u00f3 okostelefonhoz"},"content":{"rendered":"<div id=\"pl-84\"  class=\"panel-layout\" ><div id=\"pg-84-0\"  class=\"panel-grid panel-has-style\" ><div class=\"siteorigin-panels-stretch panel-row-style panel-row-style-for-84-0\" data-stretch-type=\"full-stretched\" ><div id=\"pgc-84-0-0\"  class=\"panel-grid-cell\" ><div id=\"panel-84-0-0-0\" class=\"so-panel widget widget_media_image panel-first-child\" data-index=\"0\" ><img width=\"2038\" height=\"735\" src=\"https:\/\/angelsounds.hu\/wp-content\/uploads\/2021\/05\/jdp2.jpg\" class=\"image wp-image-758  attachment-full size-full\" alt=\"\" loading=\"lazy\" style=\"max-width: 100%; height: auto;\" srcset=\"https:\/\/angelsounds.hu\/wp-content\/uploads\/2021\/05\/jdp2.jpg 2038w, https:\/\/angelsounds.hu\/wp-content\/uploads\/2021\/05\/jdp2-300x108.jpg 300w, https:\/\/angelsounds.hu\/wp-content\/uploads\/2021\/05\/jdp2-768x277.jpg 768w, https:\/\/angelsounds.hu\/wp-content\/uploads\/2021\/05\/jdp2-1024x369.jpg 1024w\" sizes=\"(max-width: 2038px) 100vw, 2038px\" \/><\/div><div id=\"panel-84-0-0-1\" class=\"so-panel widget widget_media_image panel-last-child\" data-index=\"1\" ><img width=\"2038\" height=\"735\" src=\"https:\/\/angelsounds.hu\/wp-content\/uploads\/2019\/02\/jdpuj1.jpg\" class=\"image wp-image-726  attachment-full size-full\" alt=\"\" loading=\"lazy\" style=\"max-width: 100%; height: auto;\" srcset=\"https:\/\/angelsounds.hu\/wp-content\/uploads\/2019\/02\/jdpuj1.jpg 2038w, https:\/\/angelsounds.hu\/wp-content\/uploads\/2019\/02\/jdpuj1-300x108.jpg 300w, https:\/\/angelsounds.hu\/wp-content\/uploads\/2019\/02\/jdpuj1-768x277.jpg 768w, https:\/\/angelsounds.hu\/wp-content\/uploads\/2019\/02\/jdpuj1-1024x369.jpg 1024w\" sizes=\"(max-width: 2038px) 100vw, 2038px\" \/><\/div><\/div><\/div><\/div><div id=\"pg-84-1\"  class=\"panel-grid panel-no-style\" ><div id=\"pgc-84-1-0\"  class=\"panel-grid-cell\" ><div id=\"panel-84-1-0-0\" class=\"so-panel widget widget_text panel-first-child\" data-index=\"2\" ><div id=\"szoveg1\" class=\"panel-widget-style panel-widget-style-for-84-1-0-0\" ><h3 class=\"widget-title\">Hallgassa a m\u00e9g meg nem sz\u00fcletett baba sz\u00edvver\u00e9s\u00e9t<\/h3>\t\t\t<div class=\"textwidget\"><p>Aki bab\u00e1t v\u00e1r, nemcsak \u00e9rezni szeretn\u00e9 a has\u00e1ban fejl\u0151d\u0151 \u00e9let fejl\u0151d\u00e9s\u00e9t. A kismam\u00e1nak egy magzati sz\u00edvdobog\u00e1s meghallgat\u00e1sa megnyugtat\u00f3, \u00a0k\u00f6rnyezet\u00e9nek pedig felejthetetlen \u00e9lm\u00e9nyt ny\u00fajt.<\/p>\n\n<\/div>\n\t\t<\/div><\/div><div id=\"panel-84-1-0-1\" class=\"so-panel widget widget_text\" data-index=\"3\" ><div id=\"szoveg2\" class=\"panel-widget-style panel-widget-style-for-84-1-0-1\" ><h3 class=\"widget-title\">Okos \u00e9s intuit\u00edv<\/h3>\t\t\t<div class=\"textwidget\"><p class=\"p1\">A biztons\u00e1gos \u00e9s nem invaz\u00edv Doppler seg\u00edts\u00e9g\u00e9vel ak\u00e1r naponta hosszabb ideig meghallgathatja a baba sz\u00edvver\u00e9s\u00e9t.<\/p>\n\n<\/div>\n\t\t<\/div><\/div><div id=\"panel-84-1-0-2\" class=\"so-panel widget widget_text panel-last-child\" data-index=\"4\" ><div id=\"szoveg3\" class=\"panel-widget-style panel-widget-style-for-84-1-0-2\" ><h3 class=\"widget-title\">Eml\u00e9kek, amelyek egy \u00e9leten \u00e1t elk\u00eds\u00e9rnek<\/h3>\t\t\t<div class=\"textwidget\"><p class=\"p1\">Szem\u00e9lyes fi\u00f3kod lehet\u0151v\u00e9 teszi, hogy k\u00f6nnyed\u00e9n \u00e1ttekinthet\u0151 legyen a sz\u00fcletend\u0151 csecsem\u0151d sz\u00edvver\u00e9si f\u00e1zisait, valamint visszahallgathatod az eszk\u00f6z\u00f6n r\u00f6gz\u00edtett sz\u00edvver\u00e9seket.<\/p>\n\n<\/div>\n\t\t<\/div><\/div><\/div><div id=\"pgc-84-1-1\"  class=\"panel-grid-cell\" ><div id=\"panel-84-1-1-0\" class=\"so-panel widget widget_media_image panel-first-child\" data-index=\"5\" ><div id=\"telefon_start\" class=\"panel-widget-style panel-widget-style-for-84-1-1-0\" ><a href=\"http:\/\/angelsounds.hu\/wordpress\/wp-content\/uploads\/2018\/07\/d1e.png\"><img width=\"300\" height=\"300\" src=\"https:\/\/angelsounds.hu\/wp-content\/uploads\/2018\/07\/d1e-300x300.png\" class=\"image wp-image-598  attachment-medium size-medium\" alt=\"\" loading=\"lazy\" style=\"max-width: 100%; height: auto;\" srcset=\"https:\/\/angelsounds.hu\/wp-content\/uploads\/2018\/07\/d1e-300x300.png 300w, https:\/\/angelsounds.hu\/wp-content\/uploads\/2018\/07\/d1e-150x150.png 150w, https:\/\/angelsounds.hu\/wp-content\/uploads\/2018\/07\/d1e-768x768.png 768w, https:\/\/angelsounds.hu\/wp-content\/uploads\/2018\/07\/d1e-1024x1024.png 1024w, https:\/\/angelsounds.hu\/wp-content\/uploads\/2018\/07\/d1e.png 2000w\" sizes=\"(max-width: 300px) 100vw, 300px\" \/><\/a><\/div><\/div><div id=\"panel-84-1-1-1\" class=\"so-panel widget widget_media_image\" data-index=\"6\" ><div class=\"disabled panel-widget-style panel-widget-style-for-84-1-1-1\" id=\"telefon_scr_2\" ><img width=\"169\" height=\"300\" src=\"https:\/\/angelsounds.hu\/wp-content\/uploads\/2018\/07\/d2-169x300.png\" class=\"image wp-image-590  attachment-medium size-medium\" alt=\"\" loading=\"lazy\" style=\"max-width: 100%; height: auto;\" srcset=\"https:\/\/angelsounds.hu\/wp-content\/uploads\/2018\/07\/d2-169x300.png 169w, https:\/\/angelsounds.hu\/wp-content\/uploads\/2018\/07\/d2.png 375w\" sizes=\"(max-width: 169px) 100vw, 169px\" \/><\/div><\/div><div id=\"panel-84-1-1-2\" class=\"so-panel widget widget_media_image panel-last-child\" data-index=\"7\" ><div class=\"disabled panel-widget-style panel-widget-style-for-84-1-1-2\" id=\"telefon_stop\" ><img width=\"300\" height=\"300\" src=\"https:\/\/angelsounds.hu\/wp-content\/uploads\/2018\/07\/d3e-300x300.png\" class=\"image wp-image-608  attachment-medium size-medium\" alt=\"\" loading=\"lazy\" style=\"max-width: 100%; height: auto;\" srcset=\"https:\/\/angelsounds.hu\/wp-content\/uploads\/2018\/07\/d3e-300x300.png 300w, https:\/\/angelsounds.hu\/wp-content\/uploads\/2018\/07\/d3e-150x150.png 150w, https:\/\/angelsounds.hu\/wp-content\/uploads\/2018\/07\/d3e-768x768.png 768w, https:\/\/angelsounds.hu\/wp-content\/uploads\/2018\/07\/d3e-1024x1024.png 1024w, https:\/\/angelsounds.hu\/wp-content\/uploads\/2018\/07\/d3e.png 2000w\" sizes=\"(max-width: 300px) 100vw, 300px\" \/><\/div><\/div><\/div><\/div><div id=\"pg-84-2\"  class=\"panel-grid panel-no-style\" ><div id=\"pgc-84-2-0\"  class=\"panel-grid-cell panel-grid-cell-mobile-last\" ><div id=\"panel-84-2-0-0\" class=\"so-panel widget widget_media_image panel-first-child\" data-index=\"8\" ><a href=\"https:\/\/apps.apple.com\/hu\/app\/jumper-health\/id1229655928\" target=\"_blank\" rel=\"noopener\"><img width=\"195\" height=\"59\" src=\"https:\/\/angelsounds.hu\/wp-content\/uploads\/2018\/08\/rsz_appstorelogo-300x91.png\" class=\"image wp-image-670  attachment-195x59 size-195x59\" alt=\"\" loading=\"lazy\" style=\"max-width: 100%; height: auto;\" srcset=\"https:\/\/angelsounds.hu\/wp-content\/uploads\/2018\/08\/rsz_appstorelogo-300x91.png 300w, https:\/\/angelsounds.hu\/wp-content\/uploads\/2018\/08\/rsz_appstorelogo-768x234.png 768w, https:\/\/angelsounds.hu\/wp-content\/uploads\/2018\/08\/rsz_appstorelogo-1024x312.png 1024w, https:\/\/angelsounds.hu\/wp-content\/uploads\/2018\/08\/rsz_appstorelogo.png 1959w\" sizes=\"(max-width: 195px) 100vw, 195px\" \/><\/a><\/div><div id=\"panel-84-2-0-1\" class=\"so-panel widget widget_media_image panel-last-child\" data-index=\"9\" ><a href=\"https:\/\/play.google.com\/store\/apps\/details?id=com.jumper.jumper_health\" target=\"_blank\" rel=\"noopener\"><img width=\"190\" height=\"66\" src=\"https:\/\/angelsounds.hu\/wp-content\/uploads\/2018\/08\/rtaImage-300x103.jpeg\" class=\"image wp-image-673  attachment-190x66 size-190x66\" alt=\"\" loading=\"lazy\" style=\"max-width: 100%; height: auto;\" srcset=\"https:\/\/angelsounds.hu\/wp-content\/uploads\/2018\/08\/rtaImage-300x103.jpeg 300w, https:\/\/angelsounds.hu\/wp-content\/uploads\/2018\/08\/rtaImage.jpeg 522w\" sizes=\"(max-width: 190px) 100vw, 190px\" \/><\/a><\/div><\/div><div id=\"pgc-84-2-1\"  class=\"panel-grid-cell panel-grid-cell-empty\" ><\/div><\/div><div id=\"pg-84-3\"  class=\"panel-grid panel-no-style\" ><div id=\"pgc-84-3-0\"  class=\"panel-grid-cell\" ><div id=\"panel-84-3-0-0\" class=\"so-panel widget widget_text panel-first-child panel-last-child\" data-index=\"10\" ><div id=\"szoveg1\" class=\"panel-widget-style panel-widget-style-for-84-3-0-0\" >\t\t\t<div class=\"textwidget\"><p><span class=\"\">Nem helyettes\u00edtheti a professzion\u00e1lis magzati monitort vagy megfigyel\u00e9st,\u00a0<\/span><span class=\"\">ha a magzati sz\u00edvfrekvencia rendellenes, vagy nem tal\u00e1lhat\u00f3 a magzati sz\u00edvhang, vagy ha nem\u00a0<\/span><span class=\"\">\u00e9rz\u00e9kelhet\u0151 a magzat mozg\u00e1sa, akkor a v\u00e1rand\u00f3s n\u0151nek azonnal orvoshoz kell fordulnia a\u00a0<\/span><span class=\"\">k\u00f3rh\u00e1zban.<\/span><\/p>\n<p>&nbsp;<\/p>\n<\/div>\n\t\t<\/div><\/div><\/div><\/div><\/div>","protected":false},"excerpt":{"rendered":"<p>Aki bab\u00e1t v\u00e1r, nemcsak \u00e9rezni szeretn\u00e9 a has\u00e1ban fejl\u0151d\u0151 \u00e9let fejl\u0151d\u00e9s\u00e9t. A kismam\u00e1nak egy magzati sz\u00edvdobog\u00e1s meghallgat\u00e1sa megnyugtat\u00f3, \u00a0k\u00f6rnyezet\u00e9nek pedig felejthetetlen \u00e9lm\u00e9nyt ny\u00fajt. A biztons\u00e1gos \u00e9s nem invaz\u00edv Doppler seg\u00edts\u00e9g\u00e9vel ak\u00e1r naponta hosszabb ideig meghallgathatja a baba sz\u00edvver\u00e9s\u00e9t. Szem\u00e9lyes fi\u00f3kod lehet\u0151v\u00e9 teszi, hogy k\u00f6nnyed\u00e9n \u00e1ttekinthet\u0151 legyen a sz\u00fcletend\u0151 csecsem\u0151d sz\u00edvver\u00e9si f\u00e1zisait, valamint visszahallgathatod az eszk\u00f6z\u00f6n &hellip; <a href=\"https:\/\/angelsounds.hu\/\" class=\"more-link\">Continue reading <span class=\"screen-reader-text\">sz\u00edvhanghallgat\u00f3 okostelefonhoz<\/span><\/a><\/p>\n","protected":false},"author":1,"featured_media":757,"parent":0,"menu_order":0,"comment_status":"closed","ping_status":"closed","template":"full-width-page.php","meta":[],"_links":{"self":[{"href":"https:\/\/angelsounds.hu\/index.php\/wp-json\/wp\/v2\/pages\/84"}],"collection":[{"href":"https:\/\/angelsounds.hu\/index.php\/wp-json\/wp\/v2\/pages"}],"about":[{"href":"https:\/\/angelsounds.hu\/index.php\/wp-json\/wp\/v2\/types\/page"}],"author":[{"embeddable":true,"href":"https:\/\/angelsounds.hu\/index.php\/wp-json\/wp\/v2\/users\/1"}],"replies":[{"embeddable":true,"href":"https:\/\/angelsounds.hu\/index.php\/wp-json\/wp\/v2\/comments?post=84"}],"version-history":[{"count":268,"href":"https:\/\/angelsounds.hu\/index.php\/wp-json\/wp\/v2\/pages\/84\/revisions"}],"predecessor-version":[{"id":803,"href":"https:\/\/angelsounds.hu\/index.php\/wp-json\/wp\/v2\/pages\/84\/revisions\/803"}],"wp:featuredmedia":[{"embeddable":true,"href":"https:\/\/angelsounds.hu\/index.php\/wp-json\/wp\/v2\/media\/757"}],"wp:attachment":[{"href":"https:\/\/angelsounds.hu\/index.php\/wp-json\/wp\/v2\/media?parent=84"}],"curies":[{"name":"wp","href":"https:\/\/api.w.org\/{rel}","templated":true}]}}